{"id":20,"date":"2014-07-19T05:49:32","date_gmt":"2014-07-19T05:49:32","guid":{"rendered":"http:\/\/peoeson.se\/?page_id=20"},"modified":"2025-11-28T21:40:05","modified_gmt":"2025-11-28T21:40:05","slug":"om","status":"publish","type":"page","link":"https:\/\/peoeson.se\/?page_id=20","title":{"rendered":"Om"},"content":{"rendered":"\n<figure class=\"wp-block-image size-full\"><a href=\"https:\/\/peoeson.se\/wp-content\/uploads\/2014\/07\/cropped-Fj\u00e4llantenn_kurva1_bskrn2_skalad1.jpg\"><img loading=\"lazy\" decoding=\"async\" width=\"990\" height=\"180\" src=\"https:\/\/peoeson.se\/wp-content\/uploads\/2014\/07\/cropped-Fj\u00e4llantenn_kurva1_bskrn2_skalad1.jpg\" alt=\"\" class=\"wp-image-27\" srcset=\"https:\/\/peoeson.se\/wp-content\/uploads\/2014\/07\/cropped-Fj\u00e4llantenn_kurva1_bskrn2_skalad1.jpg 990w, https:\/\/peoeson.se\/wp-content\/uploads\/2014\/07\/cropped-Fj\u00e4llantenn_kurva1_bskrn2_skalad1-300x54.jpg 300w, https:\/\/peoeson.se\/wp-content\/uploads\/2014\/07\/cropped-Fj\u00e4llantenn_kurva1_bskrn2_skalad1-800x145.jpg 800w\" sizes=\"auto, (max-width: 990px) 100vw, 990px\" \/><\/a><\/figure>\n\n\n\n<p>Jag heter Peo Eriksson. Skriver, fotograferar, formger b\u00f6cker och engagerar mig f\u00f6r en h\u00e5llbar framtid. Syns regelbundet med bild och dikt p\u00e5 <a href=\"https:\/\/www.instagram.com\/peoeson\/\">Instagram<\/a> och <a href=\"https:\/\/www.facebook.com\/peo.eriksson.3\">Facebook<\/a>.\u00a0<\/p>\n\n\n\n<p>F\u00f6r att komma i kontakt med mig kan du e-posta<\/p>\n\n\n\n<p>Peoeson &#8211; Peo Eriksson<br>E-post: peoeson(at)hotmail.com<\/p>\n\n\n\n<p>2018 gav jag ut en diktsamling som heter Mark\u00f6rerna, d\u00e4r jag samlat ihop gobitar fr\u00e5n 25 \u00e5rs skrivande. Du kan titta mer p\u00e5 den eller k\u00f6pa den <a href=\"https:\/\/widget.publit.com\/sv\/webshop\/3347\/9789176110768\">h\u00e4r<\/a>.<\/p>\n\n\n\n<p>I slutet av 2023 gav jag ut bild- och diktsamlingen Ursprungstonen. Den har f\u00e5tt bra respons och du kan hitta en artikel och flera omd\u00f6men h\u00e4r.<\/p>\n\n\n\n<p>Har publicerat artiklar i bland annat&nbsp;UTE-magasinet, skrivit kr\u00f6nikor i Landets Fria Tidning och fotograferat \u00e5t privatpersoner.<\/p>\n\n\n\n<p>Senast blev jag publicerad i tidningen Turist 1\/2024 med ett reportage om l\u00e5ngf\u00e4rdsskridsko\u00e5kning p\u00e5 \u00c5nnsj\u00f6n. Jag skrev och min v\u00e4n Mikael Svensson fotograferade.<\/p>\n\n\n\n<p>Jag har ocks\u00e5 haft egna utst\u00e4llningar av fotografier. P\u00e5 Fr\u00f6s\u00f6vallen sommaren 2014 och p\u00e5 Kulturhuset i J\u00e4rpen, advent 2015.<\/p>\n\n\n\n<figure class=\"wp-block-gallery has-nested-images columns-default is-cropped wp-block-gallery-1 is-layout-flex wp-block-gallery-is-layout-flex\">\n<figure class=\"wp-block-image size-full\"><a href=\"https:\/\/peoeson.se\/wp-content\/uploads\/2018\/04\/20180309_201640_resized.jpg\"><img loading=\"lazy\" decoding=\"async\" width=\"756\" height=\"1008\" data-id=\"84\" src=\"https:\/\/peoeson.se\/wp-content\/uploads\/2018\/04\/20180309_201640_resized.jpg\" alt=\"\" class=\"wp-image-84\" srcset=\"https:\/\/peoeson.se\/wp-content\/uploads\/2018\/04\/20180309_201640_resized.jpg 756w, https:\/\/peoeson.se\/wp-content\/uploads\/2018\/04\/20180309_201640_resized-225x300.jpg 225w, https:\/\/peoeson.se\/wp-content\/uploads\/2018\/04\/20180309_201640_resized-600x800.jpg 600w\" sizes=\"auto, (max-width: 756px) 100vw, 756px\" \/><\/a><figcaption class=\"wp-element-caption\">Min diktsamling Mark\u00f6rerna fr\u00e5n 2018<\/figcaption><\/figure>\n<\/figure>\n\n\n\n<p><\/p>\n","protected":false},"excerpt":{"rendered":"<p>Jag heter Peo Eriksson. Skriver, fotograferar, formger b\u00f6cker och engagerar mig f\u00f6r en h\u00e5llbar framtid. Syns regelbundet med bild och dikt p\u00e5 Instagram och Facebook.\u00a0 F\u00f6r att komma i kontakt med mig kan du e-posta Peoeson &#8211; Peo ErikssonE-post: peoeson(at)hotmail.com 2018 gav jag ut en diktsamling som heter Mark\u00f6rerna, d\u00e4r jag samlat ihop gobitar fr\u00e5n&hellip; <a class=\"more-link\" href=\"https:\/\/peoeson.se\/?page_id=20\">Forts\u00e4tt l\u00e4sa <span class=\"screen-reader-text\">Om<\/span><\/a><\/p>\n","protected":false},"author":1,"featured_media":0,"parent":0,"menu_order":0,"comment_status":"open","ping_status":"closed","template":"","meta":{"footnotes":""},"class_list":["post-20","page","type-page","status-publish","hentry","entry"],"_links":{"self":[{"href":"https:\/\/peoeson.se\/index.php?rest_route=\/wp\/v2\/pages\/20","targetHints":{"allow":["GET"]}}],"collection":[{"href":"https:\/\/peoeson.se\/index.php?rest_route=\/wp\/v2\/pages"}],"about":[{"href":"https:\/\/peoeson.se\/index.php?rest_route=\/wp\/v2\/types\/page"}],"author":[{"embeddable":true,"href":"https:\/\/peoeson.se\/index.php?rest_route=\/wp\/v2\/users\/1"}],"replies":[{"embeddable":true,"href":"https:\/\/peoeson.se\/index.php?rest_route=%2Fwp%2Fv2%2Fcomments&post=20"}],"version-history":[{"count":22,"href":"https:\/\/peoeson.se\/index.php?rest_route=\/wp\/v2\/pages\/20\/revisions"}],"predecessor-version":[{"id":351,"href":"https:\/\/peoeson.se\/index.php?rest_route=\/wp\/v2\/pages\/20\/revisions\/351"}],"wp:attachment":[{"href":"https:\/\/peoeson.se\/index.php?rest_route=%2Fwp%2Fv2%2Fmedia&parent=20"}],"curies":[{"name":"wp","href":"https:\/\/api.w.org\/{rel}","templated":true}]}}