{"id":4,"date":"2014-07-19T05:48:04","date_gmt":"2014-07-19T05:48:04","guid":{"rendered":"http:\/\/peoeson.se\/?page_id=4"},"modified":"2025-11-28T21:37:06","modified_gmt":"2025-11-28T21:37:06","slug":"home","status":"publish","type":"page","link":"https:\/\/peoeson.se\/","title":{"rendered":"P\u00e5 g\u00e5ng"},"content":{"rendered":"\n<figure class=\"wp-block-image size-full\"><a href=\"https:\/\/peoeson.se\/wp-content\/uploads\/2014\/07\/cropped-Fj\u00e4llantenn_kurva1_bskrn2_skalad1.jpg\"><img loading=\"lazy\" decoding=\"async\" width=\"990\" height=\"180\" src=\"https:\/\/peoeson.se\/wp-content\/uploads\/2014\/07\/cropped-Fj\u00e4llantenn_kurva1_bskrn2_skalad1.jpg\" alt=\"\" class=\"wp-image-27\" srcset=\"https:\/\/peoeson.se\/wp-content\/uploads\/2014\/07\/cropped-Fj\u00e4llantenn_kurva1_bskrn2_skalad1.jpg 990w, https:\/\/peoeson.se\/wp-content\/uploads\/2014\/07\/cropped-Fj\u00e4llantenn_kurva1_bskrn2_skalad1-300x54.jpg 300w, https:\/\/peoeson.se\/wp-content\/uploads\/2014\/07\/cropped-Fj\u00e4llantenn_kurva1_bskrn2_skalad1-800x145.jpg 800w\" sizes=\"auto, (max-width: 990px) 100vw, 990px\" \/><\/a><\/figure>\n\n\n\n<p><strong>Formgivning\/layout<\/strong><br>Har du ett eget manus du vill ge ut som en bok, vill du g\u00f6ra en rolig skylt till skolavslutningen eller trycka upp en folder\/broschyr?<\/p>\n\n\n\n<p>H\u00f6r av dig s\u00e5 kan vi prata om vad jag kan hj\u00e4lpa dig med. <br>Mejla peoeson @ hotmail . com (ta bort mellanslagen s\u00e5 fungerar e-postadressen) s\u00e5 tar vi det d\u00e4rifr\u00e5n p\u00e5 telefon.<\/p>\n\n\n\n<p>B\u00e5da mina b\u00f6cker du kan se p\u00e5 den h\u00e4r sidan har jag formgivit.<\/p>\n\n\n\n<p><\/p>\n\n\n\n<p><strong>Ursprungstonen, dikt och bilderbok<\/strong><br>Jag har en bild- och diktbok som heter Ursprungstonen. Det \u00e4r en bok i formatet 185 x 185 mm, omfattande 156 sidor med 90 fotografier och n\u00e4stan lika m\u00e5nga dikter. Vill du veta mer om boken, titta in p\u00e5 min <a href=\"https:\/\/www.facebook.com\/peoeson\/\">Facebook-sida<\/a> . Mitt pris p\u00e5 boken \u00e4r 300 kr plus eventuellt porto.<\/p>\n\n\n\n<figure class=\"wp-block-image size-full\"><a href=\"https:\/\/peoeson.se\/wp-content\/uploads\/2024\/11\/20241129_155711-scaled.jpg\"><img loading=\"lazy\" decoding=\"async\" width=\"1920\" height=\"2560\" src=\"https:\/\/peoeson.se\/wp-content\/uploads\/2024\/11\/20241129_155711-scaled.jpg\" alt=\"\" class=\"wp-image-341\" style=\"aspect-ratio:0.9421338155515371\" srcset=\"https:\/\/peoeson.se\/wp-content\/uploads\/2024\/11\/20241129_155711-scaled.jpg 1920w, https:\/\/peoeson.se\/wp-content\/uploads\/2024\/11\/20241129_155711-225x300.jpg 225w, https:\/\/peoeson.se\/wp-content\/uploads\/2024\/11\/20241129_155711-768x1024.jpg 768w, https:\/\/peoeson.se\/wp-content\/uploads\/2024\/11\/20241129_155711-1152x1536.jpg 1152w, https:\/\/peoeson.se\/wp-content\/uploads\/2024\/11\/20241129_155711-1536x2048.jpg 1536w, https:\/\/peoeson.se\/wp-content\/uploads\/2024\/11\/20241129_155711-1568x2091.jpg 1568w\" sizes=\"auto, (max-width: 1920px) 100vw, 1920px\" \/><\/a><\/figure>\n\n\n\n<div class=\"wp-block-group\"><div class=\"wp-block-group__inner-container is-layout-constrained wp-block-group-is-layout-constrained\">\n<div class=\"wp-block-media-text is-stacked-on-mobile\"><figure class=\"wp-block-media-text__media\"><img loading=\"lazy\" decoding=\"async\" width=\"318\" height=\"644\" src=\"https:\/\/peoeson.se\/wp-content\/uploads\/2024\/11\/Baksidestext.jpg\" alt=\"\" class=\"wp-image-336 size-full\" srcset=\"https:\/\/peoeson.se\/wp-content\/uploads\/2024\/11\/Baksidestext.jpg 318w, https:\/\/peoeson.se\/wp-content\/uploads\/2024\/11\/Baksidestext-148x300.jpg 148w\" sizes=\"auto, (max-width: 318px) 100vw, 318px\" \/><\/figure><div class=\"wp-block-media-text__content\">\n<p><\/p>\n\n\n\n<figure class=\"wp-block-image size-full\"><a href=\"https:\/\/peoeson.se\/wp-content\/uploads\/2024\/11\/Ff-presentation.jpg\"><img loading=\"lazy\" decoding=\"async\" width=\"317\" height=\"658\" src=\"https:\/\/peoeson.se\/wp-content\/uploads\/2024\/11\/Ff-presentation.jpg\" alt=\"\" class=\"wp-image-337\" srcset=\"https:\/\/peoeson.se\/wp-content\/uploads\/2024\/11\/Ff-presentation.jpg 317w, https:\/\/peoeson.se\/wp-content\/uploads\/2024\/11\/Ff-presentation-145x300.jpg 145w\" sizes=\"auto, (max-width: 317px) 100vw, 317px\" \/><\/a><\/figure>\n<\/div><\/div>\n\n\n\n<figure class=\"wp-block-image size-large\"><a href=\"https:\/\/peoeson.se\/wp-content\/uploads\/2023\/11\/uppslagett-scaled.jpg\"><img loading=\"lazy\" decoding=\"async\" width=\"1024\" height=\"768\" src=\"https:\/\/peoeson.se\/wp-content\/uploads\/2023\/11\/uppslagett-1024x768.jpg\" alt=\"\" class=\"wp-image-317\" srcset=\"https:\/\/peoeson.se\/wp-content\/uploads\/2023\/11\/uppslagett-1024x768.jpg 1024w, https:\/\/peoeson.se\/wp-content\/uploads\/2023\/11\/uppslagett-300x225.jpg 300w, https:\/\/peoeson.se\/wp-content\/uploads\/2023\/11\/uppslagett-768x576.jpg 768w, https:\/\/peoeson.se\/wp-content\/uploads\/2023\/11\/uppslagett-1536x1152.jpg 1536w, https:\/\/peoeson.se\/wp-content\/uploads\/2023\/11\/uppslagett-2048x1536.jpg 2048w, https:\/\/peoeson.se\/wp-content\/uploads\/2023\/11\/uppslagett-1568x1176.jpg 1568w\" sizes=\"auto, (max-width: 1024px) 100vw, 1024px\" \/><\/a><\/figure>\n<\/div><\/div>\n\n\n\n<figure class=\"wp-block-image size-large\"><a href=\"https:\/\/peoeson.se\/wp-content\/uploads\/2023\/11\/uppslagtva-scaled.jpg\"><img loading=\"lazy\" decoding=\"async\" width=\"1024\" height=\"768\" src=\"https:\/\/peoeson.se\/wp-content\/uploads\/2023\/11\/uppslagtva-1024x768.jpg\" alt=\"\" class=\"wp-image-318\" srcset=\"https:\/\/peoeson.se\/wp-content\/uploads\/2023\/11\/uppslagtva-1024x768.jpg 1024w, https:\/\/peoeson.se\/wp-content\/uploads\/2023\/11\/uppslagtva-300x225.jpg 300w, https:\/\/peoeson.se\/wp-content\/uploads\/2023\/11\/uppslagtva-768x576.jpg 768w, https:\/\/peoeson.se\/wp-content\/uploads\/2023\/11\/uppslagtva-1536x1152.jpg 1536w, https:\/\/peoeson.se\/wp-content\/uploads\/2023\/11\/uppslagtva-2048x1536.jpg 2048w, https:\/\/peoeson.se\/wp-content\/uploads\/2023\/11\/uppslagtva-1568x1176.jpg 1568w\" sizes=\"auto, (max-width: 1024px) 100vw, 1024px\" \/><\/a><\/figure>\n\n\n\n<figure class=\"wp-block-image size-large\"><a href=\"https:\/\/peoeson.se\/wp-content\/uploads\/2023\/11\/Uppslagtre-scaled.jpg\"><img loading=\"lazy\" decoding=\"async\" width=\"1024\" height=\"605\" src=\"https:\/\/peoeson.se\/wp-content\/uploads\/2023\/11\/Uppslagtre-1024x605.jpg\" alt=\"\" class=\"wp-image-319\" srcset=\"https:\/\/peoeson.se\/wp-content\/uploads\/2023\/11\/Uppslagtre-1024x605.jpg 1024w, https:\/\/peoeson.se\/wp-content\/uploads\/2023\/11\/Uppslagtre-300x177.jpg 300w, https:\/\/peoeson.se\/wp-content\/uploads\/2023\/11\/Uppslagtre-768x453.jpg 768w, https:\/\/peoeson.se\/wp-content\/uploads\/2023\/11\/Uppslagtre-1536x907.jpg 1536w, https:\/\/peoeson.se\/wp-content\/uploads\/2023\/11\/Uppslagtre-2048x1209.jpg 2048w, https:\/\/peoeson.se\/wp-content\/uploads\/2023\/11\/Uppslagtre-1568x926.jpg 1568w\" sizes=\"auto, (max-width: 1024px) 100vw, 1024px\" \/><\/a><\/figure>\n\n\n\n<figure class=\"wp-block-image size-large\"><a href=\"https:\/\/peoeson.se\/wp-content\/uploads\/2023\/11\/baksida-scaled.jpg\"><img loading=\"lazy\" decoding=\"async\" width=\"1024\" height=\"532\" src=\"https:\/\/peoeson.se\/wp-content\/uploads\/2023\/11\/baksida-1024x532.jpg\" alt=\"\" class=\"wp-image-320\" srcset=\"https:\/\/peoeson.se\/wp-content\/uploads\/2023\/11\/baksida-1024x532.jpg 1024w, https:\/\/peoeson.se\/wp-content\/uploads\/2023\/11\/baksida-300x156.jpg 300w, https:\/\/peoeson.se\/wp-content\/uploads\/2023\/11\/baksida-768x399.jpg 768w, https:\/\/peoeson.se\/wp-content\/uploads\/2023\/11\/baksida-1536x798.jpg 1536w, https:\/\/peoeson.se\/wp-content\/uploads\/2023\/11\/baksida-2048x1064.jpg 2048w, https:\/\/peoeson.se\/wp-content\/uploads\/2023\/11\/baksida-1568x815.jpg 1568w\" sizes=\"auto, (max-width: 1024px) 100vw, 1024px\" \/><\/a><\/figure>\n\n\n\n<p>Bilderna h\u00e4r ovan \u00e4r sk\u00e4rmdumpar fr\u00e5n n\u00e5gra av bokens uppslag. <\/p>\n\n\n\n<figure class=\"wp-block-image size-large\"><a href=\"https:\/\/peoeson.se\/wp-content\/uploads\/2024\/03\/IMG_20240123_201759_927.jpg\"><img loading=\"lazy\" decoding=\"async\" width=\"819\" height=\"1024\" src=\"https:\/\/peoeson.se\/wp-content\/uploads\/2024\/03\/IMG_20240123_201759_927-819x1024.jpg\" alt=\"\" class=\"wp-image-323\" srcset=\"https:\/\/peoeson.se\/wp-content\/uploads\/2024\/03\/IMG_20240123_201759_927-819x1024.jpg 819w, https:\/\/peoeson.se\/wp-content\/uploads\/2024\/03\/IMG_20240123_201759_927-240x300.jpg 240w, https:\/\/peoeson.se\/wp-content\/uploads\/2024\/03\/IMG_20240123_201759_927-768x960.jpg 768w, https:\/\/peoeson.se\/wp-content\/uploads\/2024\/03\/IMG_20240123_201759_927.jpg 1080w\" sizes=\"auto, (max-width: 819px) 100vw, 819px\" \/><\/a><\/figure>\n\n\n\n<p>J\u00e4mtlands Tidning kom f\u00f6rbi och intervjuade mig om min nya bok.<\/p>\n\n\n\n<p><strong>Best\u00e4llning av bok<\/strong><br>L\u00e4s igenom de olika alternativen som jag erbjuder. V\u00e4lj till porto om du vet med dig att du inte kan h\u00e4mta upp boken\/b\u00f6ckerna h\u00e4r i Hack\u00e5sbygden med omnejd eller i omr\u00e5det runt Storsj\u00f6n d\u00e4r jag r\u00f6r mig ganska ofta.<br>N\u00e4r du best\u00e4mt dig, skannar du QR-koden, fyller i priset som st\u00e5r bakom valt alternativ. <br>I f\u00e4ltet f\u00f6r meddelande skriver du bokstaven f\u00f6r valt alternativ f\u00f6ljt av enbart din adress. Inget namn beh\u00f6vs, det syns utifr\u00e5n mobilnumret. F\u00e5r inte hela adressen plats, 50 tecken, f\u00e5r du skicka meddelande till min e-postadress, peoeson @ hotmail.com . Ta bort mellanslagen runt @ s\u00e5 fungerar e-postadressen.<br>Jag bekr\u00e4ftar Swish-inbetalning via SMS tillbaka till det nummer som skickat in betalningen. Det kan ta lite tid innan bekr\u00e4ftelsen kommer men om det g\u00e5r fler \u00e4n tv\u00e5 dagar s\u00e5 f\u00e5r ni h\u00f6ra av er p\u00e5 ovanst\u00e5ende e-postadress, s\u00e5 kan jag kolla om jag missat n\u00e5gon inbetalning.<\/p>\n\n\n\n<p>Det g\u00e5r att betala via bankgiro ocks\u00e5 om ni inte har Swish ( 123-683 44 44 ) eller av annan anledning vill ha ett alternativ f\u00f6r att betala. Mitt bankgiro \u00e4r 5862-4131.<br>Om det k\u00e4nns obekv\u00e4mt att f\u00f6rskottsbetala s\u00e5 g\u00e5r det f\u00f6r sig att jag skickar boken tillsammans med en faktura p\u00e5 beloppet. E-posta mig i s\u00e5 fall. Se e-postadress h\u00e4r nedan.<\/p>\n\n\n\n<p><strong>Alternativen: <\/strong><br>A &#8211; Ursprungstonen, 1 ex, 300 kr<br>B &#8211; Ursprungstonen, 1 ex, plus porto, 370 kr<br>C &#8211; Ursprungstonen, 2 ex, 600 kr<br>D &#8211; Ursprungstonen, 2 ex, plus porto, 690 kr<br>E &#8211; Ursprungstonen, 3 ex, 900 kr<br>F &#8211; Ursprungstonen, 3 ex, plus porto, 990 kr<br><\/p>\n\n\n\n<p>\u00d6nskar ni andra varianter p\u00e5 alternativ f\u00e5r ni h\u00f6ra av er till min e-post: peoeson @ hotmail.com   Ta bort mellanslagen runt @ s\u00e5 fungerar e-postadressen s\u00e5 f\u00e5r jag \u00e5terkomma.<\/p>\n\n\n\n<figure class=\"wp-block-image size-full is-resized\"><a href=\"https:\/\/peoeson.se\/wp-content\/uploads\/2023\/10\/swish-QR-small.png\"><img loading=\"lazy\" decoding=\"async\" width=\"625\" height=\"945\" src=\"https:\/\/peoeson.se\/wp-content\/uploads\/2023\/10\/swish-QR-small.png\" alt=\"\" class=\"wp-image-291\" style=\"aspect-ratio:0.6613756613756614;width:348px;height:auto\" srcset=\"https:\/\/peoeson.se\/wp-content\/uploads\/2023\/10\/swish-QR-small.png 625w, https:\/\/peoeson.se\/wp-content\/uploads\/2023\/10\/swish-QR-small-198x300.png 198w\" sizes=\"auto, (max-width: 625px) 100vw, 625px\" \/><\/a><\/figure>\n\n\n\n<figure class=\"wp-block-image size-full\"><a href=\"https:\/\/peoeson.se\/wp-content\/uploads\/2018\/04\/20180309_201640_resized.jpg\"><img loading=\"lazy\" decoding=\"async\" width=\"756\" height=\"1008\" src=\"https:\/\/peoeson.se\/wp-content\/uploads\/2018\/04\/20180309_201640_resized.jpg\" alt=\"\" class=\"wp-image-84\" srcset=\"https:\/\/peoeson.se\/wp-content\/uploads\/2018\/04\/20180309_201640_resized.jpg 756w, https:\/\/peoeson.se\/wp-content\/uploads\/2018\/04\/20180309_201640_resized-225x300.jpg 225w, https:\/\/peoeson.se\/wp-content\/uploads\/2018\/04\/20180309_201640_resized-600x800.jpg 600w\" sizes=\"auto, (max-width: 756px) 100vw, 756px\" \/><\/a><\/figure>\n\n\n\n<p><br><strong>Diktsamling Mark\u00f6rerna<\/strong><br>Min f\u00f6rsta diktsamling kom ut 2018. Den inneh\u00e5ller ett urval av naturn\u00e4ra och ibland m\u00e4nniskon\u00e4ra dikter som jag skrivit sedan 1990-talets b\u00f6rjan. De flesta fr\u00e5n 2010-talet.<br>De b\u00f6ljande korta dikterna avbryts av svartvita bilder som s\u00e4rar samlingens olika avdelningar.<br><a href=\"https:\/\/webshop.publit.com\/webshop\/3347\/9789176110768\">H\u00e4r kan du l\u00e4sa mer om diktsamlingen<\/a><\/p>\n\n\n\n<p>Jag har f\u00f6r det mesta n\u00e5gra exemplar hemma f\u00f6r signering om du skulle vilja best\u00e4lla den. Den kostar 150 kr plus eventuellt porto.<\/p>\n\n\n\n<p><em>Med reservation f\u00f6r ouppt\u00e4ckta felskrivningar<\/em><\/p>\n\n\n\n<div class=\"wp-block-columns is-layout-flex wp-container-core-columns-is-layout-9d6595d7 wp-block-columns-is-layout-flex\">\n<div class=\"wp-block-column is-layout-flow wp-block-column-is-layout-flow\"><\/div>\n\n\n\n<div class=\"wp-block-column is-layout-flow wp-block-column-is-layout-flow\"><\/div>\n<\/div>\n\n\n\n<p><\/p>\n\n\n\n<p><\/p>\n","protected":false},"excerpt":{"rendered":"<p>Formgivning\/layoutHar du ett eget manus du vill ge ut som en bok, vill du g\u00f6ra en rolig skylt till skolavslutningen eller trycka upp en folder\/broschyr? H\u00f6r av dig s\u00e5 kan vi prata om vad jag kan hj\u00e4lpa dig med. Mejla peoeson @ hotmail . com (ta bort mellanslagen s\u00e5 fungerar e-postadressen) s\u00e5 tar vi det&hellip; <a class=\"more-link\" href=\"https:\/\/peoeson.se\/\">Forts\u00e4tt l\u00e4sa <span class=\"screen-reader-text\">P\u00e5 g\u00e5ng<\/span><\/a><\/p>\n","protected":false},"author":1,"featured_media":0,"parent":0,"menu_order":0,"comment_status":"open","ping_status":"closed","template":"","meta":{"footnotes":""},"class_list":["post-4","page","type-page","status-publish","hentry","entry"],"_links":{"self":[{"href":"https:\/\/peoeson.se\/index.php?rest_route=\/wp\/v2\/pages\/4","targetHints":{"allow":["GET"]}}],"collection":[{"href":"https:\/\/peoeson.se\/index.php?rest_route=\/wp\/v2\/pages"}],"about":[{"href":"https:\/\/peoeson.se\/index.php?rest_route=\/wp\/v2\/types\/page"}],"author":[{"embeddable":true,"href":"https:\/\/peoeson.se\/index.php?rest_route=\/wp\/v2\/users\/1"}],"replies":[{"embeddable":true,"href":"https:\/\/peoeson.se\/index.php?rest_route=%2Fwp%2Fv2%2Fcomments&post=4"}],"version-history":[{"count":50,"href":"https:\/\/peoeson.se\/index.php?rest_route=\/wp\/v2\/pages\/4\/revisions"}],"predecessor-version":[{"id":350,"href":"https:\/\/peoeson.se\/index.php?rest_route=\/wp\/v2\/pages\/4\/revisions\/350"}],"wp:attachment":[{"href":"https:\/\/peoeson.se\/index.php?rest_route=%2Fwp%2Fv2%2Fmedia&parent=4"}],"curies":[{"name":"wp","href":"https:\/\/api.w.org\/{rel}","templated":true}]}}